{"id":1198,"date":"2025-12-04T20:43:20","date_gmt":"2025-12-04T20:43:20","guid":{"rendered":"https:\/\/getruana.com\/?page_id=1198"},"modified":"2026-03-01T22:47:18","modified_gmt":"2026-03-01T22:47:18","slug":"ueber-uns","status":"publish","type":"page","link":"https:\/\/getruana.com\/de\/ueber-uns\/","title":{"rendered":"\u00dcber Uns"},"content":{"rendered":"\n<link href=\"https:\/\/fonts.googleapis.com\/css2?family=Plus+Jakarta+Sans:wght@400;700;800&#038;family=Source+Serif+4:ital,wght@1,600&#038;display=swap\" rel=\"stylesheet\">\n<script src=\"https:\/\/unpkg.com\/lucide@latest\"><\/script>\n\n<style>\n    \/* Eingegrenzter Container, um Konflikte mit dem WordPress-Theme zu vermeiden *\/\n    #ruana-custom-content {\n        font-family: 'Plus Jakarta Sans', sans-serif;\n        color: #1a1a1a;\n        background-color: #fcfcfd;\n        padding: 60px 20px;\n        line-height: 1.8;\n    }\n\n    #ruana-custom-content .inner-container {\n        max-width: 1100px;\n        margin: 0 auto;\n    }\n\n    \/* Typografie *\/\n    #ruana-custom-content .hero-title {\n        font-size: clamp(2.5rem, 6vw, 4.5rem);\n        font-weight: 800;\n        line-height: 1.1;\n        margin-bottom: 24px;\n        text-align: center;\n    }\n\n    #ruana-custom-content .serif-italic {\n        font-family: 'Source Serif 4', serif;\n        font-style: italic;\n        color: #2563eb;\n    }\n\n    \/* Haupt-Abs\u00e4tze - Passend zur Mission-Statement Gr\u00f6\u00dfe *\/\n    #ruana-custom-content p.main-text {\n        font-size: 1.4rem; \n        color: #4b5563;\n        line-height: 1.8;\n    }\n\n    \/* Layout Grids *\/\n    #ruana-custom-content .grid-split {\n        display: grid;\n        grid-template-columns: 1fr;\n        gap: 60px;\n        align-items: center;\n        margin-bottom: 80px;\n    }\n\n    @media (min-width: 768px) {\n        #ruana-custom-content .grid-split { grid-template-columns: 1fr 1fr; }\n        #ruana-custom-content .bento-grid { \n            display: grid;\n            grid-template-columns: repeat(6, 1fr);\n            gap: 20px;\n        }\n    }\n\n    \/* Bilder-Rahmen *\/\n    #ruana-custom-content .img-frame {\n        position: relative;\n        border-radius: 40px;\n        overflow: hidden;\n        border: 8px solid #ffffff;\n        box-shadow: 0 20px 40px rgba(0,0,0,0.08);\n    }\n\n    #ruana-custom-content .img-frame img {\n        width: 100%;\n        display: block;\n    }\n\n    \/* Bento Karten *\/\n    #ruana-custom-content .soft-card {\n        background: #ffffff;\n        border: 1px solid #e5e7eb;\n        padding: 40px;\n        border-radius: 32px;\n        transition: all 0.3s ease;\n    }\n\n    #ruana-custom-content .soft-card h3 {\n        font-size: 1.5rem;\n        font-weight: 800;\n        margin-bottom: 12px;\n    }\n\n    #ruana-custom-content .soft-card p {\n        font-size: 1.1rem;\n        color: #6b7280;\n        line-height: 1.6;\n    }\n\n    \/* Badge (Abzeichen) *\/\n    #ruana-custom-content .badge {\n        display: inline-block;\n        padding: 6px 16px;\n        background: #eff6ff;\n        color: #2563eb;\n        border-radius: 100px;\n        font-size: 12px;\n        font-weight: 700;\n        margin-bottom: 20px;\n    }\n<\/style>\n\n<div id=\"ruana-custom-content\">\n    <div class=\"inner-container\">\n\n        <div style=\"text-align: center; margin-bottom: 80px;\">\n            <div class=\"badge\">VON EXPERTEN ENTWICKELT<\/div>\n            <h1 class=\"hero-title\">\n                Endlich eine Software, die<br>\n                den Praxisalltag <span class=\"serif-italic\">versteht<\/span>.\n            <\/h1>\n            <p class=\"main-text\" style=\"max-width: 800px; margin: 0 auto;\">\n                Entwickelt von einem Chiropraktiker und einem Mediziner, die genug von Technik hatten, die der Patientenversorgung im Weg steht.\n            <\/p>\n        <\/div>\n\n        <div class=\"grid-split\">\n            <div class=\"img-frame\">\n                <img decoding=\"async\" src=\"https:\/\/getruana.com\/wp-content\/uploads\/2026\/03\/the-story-of-ruaba.png\" alt=\"Klinische Umgebung\">\n            <\/div>\n            <div>\n                <h2 style=\"font-size: 2.8rem; font-weight: 800; margin-bottom: 20px; line-height: 1.2;\">\n                    Jede Funktion ist <br><span style=\"color: #2563eb;\">praxiserprobt.<\/span>\n                <\/h2>\n                <p class=\"main-text\" style=\"margin-bottom: 25px;\">\n                    Als Therapeuten und Mediziner war es nie unser Ziel, &#8220;Software-Gr\u00fcnder&#8221; zu werden. Wir haben Ruana ins Leben gerufen, weil wir Tools leid waren, die sich anf\u00fchlten, als w\u00e4ren sie von Menschen entworfen worden, die noch nie eine Praxis von innen gesehen haben.\n                <\/p>\n                <div style=\"display: flex; gap: 40px; padding-top: 20px; border-top: 1px solid #e5e7eb;\">\n                    <div>\n                        <div style=\"font-size: 2.5rem; font-weight: 800;\">13+<\/div>\n                        <div style=\"font-size: 12px; font-weight: 700; color: #9ca3af; text-transform: uppercase;\">Jahre Erfahrung<\/div>\n                    <\/div>\n                    <div>\n                        <div style=\"font-size: 2.5rem; font-weight: 800;\">100%<\/div>\n                        <div style=\"font-size: 12px; font-weight: 700; color: #9ca3af; text-transform: uppercase;\">Von Praktikern gebaut<\/div>\n                    <\/div>\n                <\/div>\n            <\/div>\n        <\/div>\n\n        <div class=\"bento-grid\">\n            <div class=\"soft-card\" style=\"grid-column: span 2;\">\n                <i data-lucide=\"feather\" style=\"color:#2563eb; margin-bottom: 20px;\"><\/i>\n                <h3>Einfachheit zuerst<\/h3>\n                <p>Kein unn\u00f6tiger Ballast. Keine verwirrenden Men\u00fcs. Nur genau das, was Sie f\u00fcr die Behandlung Ihrer Patienten brauchen.<\/p>\n            <\/div>\n            <div class=\"soft-card\" style=\"grid-column: span 4; background: linear-gradient(to bottom right, #ffffff, #f0f7ff);\">\n                <i data-lucide=\"shield-check\" style=\"color:#2563eb; margin-bottom: 20px;\"><\/i>\n                <h3>Ehrliche Preisgestaltung<\/h3>\n                <p>Wir behandeln Sie so, wie wir selbst behandelt werden m\u00f6chten. Keine versteckten Geb\u00fchren, keine Zusatzmodule und keine Knebelvertr\u00e4ge.<\/p>\n            <\/div>\n            <div class=\"soft-card\" style=\"grid-column: span 3;\">\n                <i data-lucide=\"flask-conical\" style=\"color:#2563eb; margin-bottom: 20px;\"><\/i>\n                <h3>Klinische Tiefe<\/h3>\n                <p>Wir nutzen Ruana t\u00e4glich in unserer eigenen Praxis. Was f\u00fcr uns nicht gut genug ist, ist auch f\u00fcr Sie nicht gut genug.<\/p>\n            <\/div>\n            <div class=\"soft-card\" style=\"grid-column: span 3;\">\n                <i data-lucide=\"refresh-cw\" style=\"color:#2563eb; margin-bottom: 20px;\"><\/i>\n                <h3>Stetige Weiterentwicklung<\/h3>\n                <p>Da wir selbst noch praktizieren, optimieren wir Ruana st\u00e4ndig basierend auf der realen Gesundheitslandschaft.<\/p>\n            <\/div>\n        <\/div>\n\n        <div style=\"text-align: center; padding: 100px 20px 40px;\">\n            <h2 style=\"font-size: 2.5rem; font-weight: 800; margin-bottom: 30px;\">Unsere Mission<\/h2>\n            <p style=\"font-size: 1.4rem; color: #6b7280; font-style: italic; max-width: 900px; margin: 0 auto; line-height: 1.8;\">\n                &#8220;Wir m\u00f6chten medizinischem Fachpersonal eine Software an die Hand geben, die sie bei der Leitung ihrer Praxis unterst\u00fctzt \u2013 und nicht behindert. Wir glauben, dass Therapeuten mit den richtigen Werkzeugen den Fokus wieder auf das Wesentliche legen k\u00f6nnen: eine erstklassige Versorgung ihrer Patienten. Das ist die Welt, an der wir arbeiten \u2013 Praxis f\u00fcr Praxis.&#8221;\n            <\/p>\n        <\/div>\n\n    <\/div>\n<\/div>\n\n<script>\n    lucide.createIcons();\n<\/script>\n","protected":false},"excerpt":{"rendered":"<p>VON EXPERTEN ENTWICKELT Endlich eine Software, die den Praxisalltag versteht. Entwickelt von einem Chiropraktiker und einem Mediziner, die genug von Technik hatten, die der Patientenversorgung im Weg steht. Jede Funktion ist praxiserprobt. Als Therapeuten und Mediziner war es nie unser Ziel, &#8220;Software-Gr\u00fcnder&#8221; zu werden. Wir haben Ruana ins Leben gerufen, weil wir Tools leid waren, [&hellip;]<\/p>\n","protected":false},"author":1,"featured_media":0,"parent":0,"menu_order":0,"comment_status":"closed","ping_status":"closed","template":"","meta":{"_acf_changed":false,"inline_featured_image":false,"footnotes":""},"class_list":["post-1198","page","type-page","status-publish","hentry"],"acf":[],"yoast_head":"<!-- This site is optimized with the Yoast SEO Premium plugin v27.3 (Yoast SEO v27.3) - https:\/\/yoast.com\/product\/yoast-seo-premium-wordpress\/ -->\n<title>\u00dcber Ruana - Gegr\u00fcndet von praktizierenden Gesundheitsexperten<\/title>\n<meta name=\"description\" content=\"Lernen Sie den Chiropraktiker und die Medizinerin kennen, die Ruana entwickelten, nachdem sie von teurer, komplizierter Praxisverwaltungssoftware frustriert waren. Unsere Geschichte und Mission.\" \/>\n<meta name=\"robots\" content=\"index, follow, max-snippet:-1, max-image-preview:large, max-video-preview:-1\" \/>\n<link rel=\"canonical\" href=\"https:\/\/getruana.com\/de\/ueber-uns\/\" \/>\n<meta property=\"og:locale\" content=\"de_DE\" \/>\n<meta property=\"og:type\" content=\"article\" \/>\n<meta property=\"og:title\" content=\"\u00dcber Uns\" \/>\n<meta property=\"og:description\" content=\"Lernen Sie den Chiropraktiker und die Medizinerin kennen, die Ruana entwickelten, nachdem sie von teurer, komplizierter Praxisverwaltungssoftware frustriert waren. Unsere Geschichte und Mission.\" \/>\n<meta property=\"og:url\" content=\"https:\/\/getruana.com\/de\/ueber-uns\/\" \/>\n<meta property=\"og:site_name\" content=\"Ruana\" \/>\n<meta property=\"article:modified_time\" content=\"2026-03-01T22:47:18+00:00\" \/>\n<meta property=\"og:image\" content=\"https:\/\/getruana.com\/wp-content\/uploads\/2026\/03\/the-story-of-ruaba.png\" \/>\n<meta name=\"twitter:card\" content=\"summary_large_image\" \/>\n<meta name=\"twitter:site\" content=\"@RuanaLLC\" \/>\n<meta name=\"twitter:label1\" content=\"Gesch\u00e4tzte Lesezeit\" \/>\n\t<meta name=\"twitter:data1\" content=\"2\u00a0Minuten\" \/>\n<script type=\"application\/ld+json\" class=\"yoast-schema-graph\">{\"@context\":\"https:\\\/\\\/schema.org\",\"@graph\":[{\"@type\":\"WebPage\",\"@id\":\"https:\\\/\\\/getruana.com\\\/de\\\/ueber-uns\\\/\",\"url\":\"https:\\\/\\\/getruana.com\\\/de\\\/ueber-uns\\\/\",\"name\":\"\u00dcber Ruana - Gegr\u00fcndet von praktizierenden Gesundheitsexperten\",\"isPartOf\":{\"@id\":\"https:\\\/\\\/getruana.com\\\/de\\\/#website\"},\"primaryImageOfPage\":{\"@id\":\"https:\\\/\\\/getruana.com\\\/de\\\/ueber-uns\\\/#primaryimage\"},\"image\":{\"@id\":\"https:\\\/\\\/getruana.com\\\/de\\\/ueber-uns\\\/#primaryimage\"},\"thumbnailUrl\":\"https:\\\/\\\/getruana.com\\\/wp-content\\\/uploads\\\/2026\\\/03\\\/the-story-of-ruaba.png\",\"datePublished\":\"2025-12-04T20:43:20+00:00\",\"dateModified\":\"2026-03-01T22:47:18+00:00\",\"description\":\"Lernen Sie den Chiropraktiker und die Medizinerin kennen, die Ruana entwickelten, nachdem sie von teurer, komplizierter Praxisverwaltungssoftware frustriert waren. Unsere Geschichte und Mission.\",\"breadcrumb\":{\"@id\":\"https:\\\/\\\/getruana.com\\\/de\\\/ueber-uns\\\/#breadcrumb\"},\"inLanguage\":\"de\",\"potentialAction\":[{\"@type\":\"ReadAction\",\"target\":[\"https:\\\/\\\/getruana.com\\\/de\\\/ueber-uns\\\/\"]}]},{\"@type\":\"ImageObject\",\"inLanguage\":\"de\",\"@id\":\"https:\\\/\\\/getruana.com\\\/de\\\/ueber-uns\\\/#primaryimage\",\"url\":\"https:\\\/\\\/getruana.com\\\/wp-content\\\/uploads\\\/2026\\\/03\\\/the-story-of-ruaba.png\",\"contentUrl\":\"https:\\\/\\\/getruana.com\\\/wp-content\\\/uploads\\\/2026\\\/03\\\/the-story-of-ruaba.png\"},{\"@type\":\"BreadcrumbList\",\"@id\":\"https:\\\/\\\/getruana.com\\\/de\\\/ueber-uns\\\/#breadcrumb\",\"itemListElement\":[{\"@type\":\"ListItem\",\"position\":1,\"name\":\"Home\",\"item\":\"https:\\\/\\\/getruana.com\\\/de\\\/\"},{\"@type\":\"ListItem\",\"position\":2,\"name\":\"\u00dcber Uns\"}]},{\"@type\":\"WebSite\",\"@id\":\"https:\\\/\\\/getruana.com\\\/de\\\/#website\",\"url\":\"https:\\\/\\\/getruana.com\\\/de\\\/\",\"name\":\"Ruana\",\"description\":\"Practice Management Software for Health &amp; Wellness Professionals\",\"publisher\":{\"@id\":\"https:\\\/\\\/getruana.com\\\/de\\\/#organization\"},\"alternateName\":\"Ruana Practice Management Software\",\"potentialAction\":[{\"@type\":\"SearchAction\",\"target\":{\"@type\":\"EntryPoint\",\"urlTemplate\":\"https:\\\/\\\/getruana.com\\\/de\\\/?s={search_term_string}\"},\"query-input\":{\"@type\":\"PropertyValueSpecification\",\"valueRequired\":true,\"valueName\":\"search_term_string\"}}],\"inLanguage\":\"de\"},{\"@type\":[\"Organization\",\"Place\"],\"@id\":\"https:\\\/\\\/getruana.com\\\/de\\\/#organization\",\"name\":\"Ruana\",\"alternateName\":\"Ruana Practice Management Software\",\"url\":\"https:\\\/\\\/getruana.com\\\/de\\\/\",\"logo\":{\"@id\":\"https:\\\/\\\/getruana.com\\\/de\\\/ueber-uns\\\/#local-main-organization-logo\"},\"image\":{\"@id\":\"https:\\\/\\\/getruana.com\\\/de\\\/ueber-uns\\\/#local-main-organization-logo\"},\"sameAs\":[\"https:\\\/\\\/x.com\\\/RuanaLLC\",\"https:\\\/\\\/www.instagram.com\\\/ruana_llc\",\"https:\\\/\\\/www.linkedin.com\\\/in\\\/rouzbeh-noroozy-a29b82355\\\/\",\"https:\\\/\\\/www.youtube.com\\\/@RuanaApp\"],\"description\":\"Ruana is a modern practice management software designed for chiropractors, massage therapists, physiotherapists, mental health practitioners, osteopaths, and Heilpraktiker. The platform helps health and wellness practices manage scheduling, online booking, patient records, SOAP notes, digital intake forms, billing, invoices, and clinic operations in one secure system. Ruana is built to simplify daily workflows, reduce administrative work shown, and support both solo practitioners and multi-location practices across Europe and internationally.\",\"legalName\":\"Ruana LLC\",\"foundingDate\":\"2023-11-21\",\"numberOfEmployees\":{\"@type\":\"QuantitativeValue\",\"minValue\":\"1\",\"maxValue\":\"10\"},\"telephone\":[],\"openingHoursSpecification\":[{\"@type\":\"OpeningHoursSpecification\",\"dayOfWeek\":[\"Monday\",\"Tuesday\",\"Wednesday\",\"Thursday\",\"Friday\"],\"opens\":\"09:00\",\"closes\":\"17:00\"},{\"@type\":\"OpeningHoursSpecification\",\"dayOfWeek\":[\"Saturday\",\"Sunday\"],\"opens\":\"00:00\",\"closes\":\"00:00\"}]},{\"@type\":\"ImageObject\",\"inLanguage\":\"de\",\"@id\":\"https:\\\/\\\/getruana.com\\\/de\\\/ueber-uns\\\/#local-main-organization-logo\",\"url\":\"https:\\\/\\\/getruana.com\\\/wp-content\\\/uploads\\\/2024\\\/10\\\/Logo-1.png\",\"contentUrl\":\"https:\\\/\\\/getruana.com\\\/wp-content\\\/uploads\\\/2024\\\/10\\\/Logo-1.png\",\"width\":56,\"height\":56,\"caption\":\"Ruana\"}]}<\/script>\n<meta name=\"geo.region\" content=\"Vereinigte Staaten von Amerika\" \/>\n<!-- \/ Yoast SEO Premium plugin. -->","yoast_head_json":{"title":"\u00dcber Ruana - Gegr\u00fcndet von praktizierenden Gesundheitsexperten","description":"Lernen Sie den Chiropraktiker und die Medizinerin kennen, die Ruana entwickelten, nachdem sie von teurer, komplizierter Praxisverwaltungssoftware frustriert waren. Unsere Geschichte und Mission.","robots":{"index":"index","follow":"follow","max-snippet":"max-snippet:-1","max-image-preview":"max-image-preview:large","max-video-preview":"max-video-preview:-1"},"canonical":"https:\/\/getruana.com\/de\/ueber-uns\/","og_locale":"de_DE","og_type":"article","og_title":"\u00dcber Uns","og_description":"Lernen Sie den Chiropraktiker und die Medizinerin kennen, die Ruana entwickelten, nachdem sie von teurer, komplizierter Praxisverwaltungssoftware frustriert waren. Unsere Geschichte und Mission.","og_url":"https:\/\/getruana.com\/de\/ueber-uns\/","og_site_name":"Ruana","article_modified_time":"2026-03-01T22:47:18+00:00","og_image":[{"url":"https:\/\/getruana.com\/wp-content\/uploads\/2026\/03\/the-story-of-ruaba.png","type":"","width":"","height":""}],"twitter_card":"summary_large_image","twitter_site":"@RuanaLLC","twitter_misc":{"Gesch\u00e4tzte Lesezeit":"2\u00a0Minuten"},"schema":{"@context":"https:\/\/schema.org","@graph":[{"@type":"WebPage","@id":"https:\/\/getruana.com\/de\/ueber-uns\/","url":"https:\/\/getruana.com\/de\/ueber-uns\/","name":"\u00dcber Ruana - Gegr\u00fcndet von praktizierenden Gesundheitsexperten","isPartOf":{"@id":"https:\/\/getruana.com\/de\/#website"},"primaryImageOfPage":{"@id":"https:\/\/getruana.com\/de\/ueber-uns\/#primaryimage"},"image":{"@id":"https:\/\/getruana.com\/de\/ueber-uns\/#primaryimage"},"thumbnailUrl":"https:\/\/getruana.com\/wp-content\/uploads\/2026\/03\/the-story-of-ruaba.png","datePublished":"2025-12-04T20:43:20+00:00","dateModified":"2026-03-01T22:47:18+00:00","description":"Lernen Sie den Chiropraktiker und die Medizinerin kennen, die Ruana entwickelten, nachdem sie von teurer, komplizierter Praxisverwaltungssoftware frustriert waren. Unsere Geschichte und Mission.","breadcrumb":{"@id":"https:\/\/getruana.com\/de\/ueber-uns\/#breadcrumb"},"inLanguage":"de","potentialAction":[{"@type":"ReadAction","target":["https:\/\/getruana.com\/de\/ueber-uns\/"]}]},{"@type":"ImageObject","inLanguage":"de","@id":"https:\/\/getruana.com\/de\/ueber-uns\/#primaryimage","url":"https:\/\/getruana.com\/wp-content\/uploads\/2026\/03\/the-story-of-ruaba.png","contentUrl":"https:\/\/getruana.com\/wp-content\/uploads\/2026\/03\/the-story-of-ruaba.png"},{"@type":"BreadcrumbList","@id":"https:\/\/getruana.com\/de\/ueber-uns\/#breadcrumb","itemListElement":[{"@type":"ListItem","position":1,"name":"Home","item":"https:\/\/getruana.com\/de\/"},{"@type":"ListItem","position":2,"name":"\u00dcber Uns"}]},{"@type":"WebSite","@id":"https:\/\/getruana.com\/de\/#website","url":"https:\/\/getruana.com\/de\/","name":"Ruana","description":"Practice Management Software for Health &amp; Wellness Professionals","publisher":{"@id":"https:\/\/getruana.com\/de\/#organization"},"alternateName":"Ruana Practice Management Software","potentialAction":[{"@type":"SearchAction","target":{"@type":"EntryPoint","urlTemplate":"https:\/\/getruana.com\/de\/?s={search_term_string}"},"query-input":{"@type":"PropertyValueSpecification","valueRequired":true,"valueName":"search_term_string"}}],"inLanguage":"de"},{"@type":["Organization","Place"],"@id":"https:\/\/getruana.com\/de\/#organization","name":"Ruana","alternateName":"Ruana Practice Management Software","url":"https:\/\/getruana.com\/de\/","logo":{"@id":"https:\/\/getruana.com\/de\/ueber-uns\/#local-main-organization-logo"},"image":{"@id":"https:\/\/getruana.com\/de\/ueber-uns\/#local-main-organization-logo"},"sameAs":["https:\/\/x.com\/RuanaLLC","https:\/\/www.instagram.com\/ruana_llc","https:\/\/www.linkedin.com\/in\/rouzbeh-noroozy-a29b82355\/","https:\/\/www.youtube.com\/@RuanaApp"],"description":"Ruana is a modern practice management software designed for chiropractors, massage therapists, physiotherapists, mental health practitioners, osteopaths, and Heilpraktiker. The platform helps health and wellness practices manage scheduling, online booking, patient records, SOAP notes, digital intake forms, billing, invoices, and clinic operations in one secure system. Ruana is built to simplify daily workflows, reduce administrative work shown, and support both solo practitioners and multi-location practices across Europe and internationally.","legalName":"Ruana LLC","foundingDate":"2023-11-21","numberOfEmployees":{"@type":"QuantitativeValue","minValue":"1","maxValue":"10"},"telephone":[],"openingHoursSpecification":[{"@type":"OpeningHoursSpecification","dayOfWeek":["Monday","Tuesday","Wednesday","Thursday","Friday"],"opens":"09:00","closes":"17:00"},{"@type":"OpeningHoursSpecification","dayOfWeek":["Saturday","Sunday"],"opens":"00:00","closes":"00:00"}]},{"@type":"ImageObject","inLanguage":"de","@id":"https:\/\/getruana.com\/de\/ueber-uns\/#local-main-organization-logo","url":"https:\/\/getruana.com\/wp-content\/uploads\/2024\/10\/Logo-1.png","contentUrl":"https:\/\/getruana.com\/wp-content\/uploads\/2024\/10\/Logo-1.png","width":56,"height":56,"caption":"Ruana"}]},"geo.region":"Vereinigte Staaten von Amerika"},"_links":{"self":[{"href":"https:\/\/getruana.com\/de\/wp-json\/wp\/v2\/pages\/1198","targetHints":{"allow":["GET"]}}],"collection":[{"href":"https:\/\/getruana.com\/de\/wp-json\/wp\/v2\/pages"}],"about":[{"href":"https:\/\/getruana.com\/de\/wp-json\/wp\/v2\/types\/page"}],"author":[{"embeddable":true,"href":"https:\/\/getruana.com\/de\/wp-json\/wp\/v2\/users\/1"}],"replies":[{"embeddable":true,"href":"https:\/\/getruana.com\/de\/wp-json\/wp\/v2\/comments?post=1198"}],"version-history":[{"count":6,"href":"https:\/\/getruana.com\/de\/wp-json\/wp\/v2\/pages\/1198\/revisions"}],"predecessor-version":[{"id":3544,"href":"https:\/\/getruana.com\/de\/wp-json\/wp\/v2\/pages\/1198\/revisions\/3544"}],"wp:attachment":[{"href":"https:\/\/getruana.com\/de\/wp-json\/wp\/v2\/media?parent=1198"}],"curies":[{"name":"wp","href":"https:\/\/api.w.org\/{rel}","templated":true}]}}